{"id":6,"date":"2026-03-24T02:56:50","date_gmt":"2026-03-23T23:56:50","guid":{"rendered":"https:\/\/www.atasehirmasozladyirmak.com\/?page_id=6"},"modified":"2026-03-24T03:38:15","modified_gmt":"2026-03-24T00:38:15","slug":"giris","status":"publish","type":"page","link":"https:\/\/www.atasehirmasozladyirmak.com\/","title":{"rendered":"Giri\u015f"},"content":{"rendered":"\n<p>Sitenize ho\u015f geldiniz! Buras\u0131 sizin giri\u015f sayfan\u0131zd\u0131r. Ziyaret\u00e7ilerinizin \u00e7o\u011fu sitenize geldi\u011finde ilk olarak bu sayfay\u0131 g\u00f6r\u00fcr.<\/p>\n","protected":false},"excerpt":{"rendered":"<p>Sitenize ho\u015f geldiniz! Buras\u0131 sizin giri\u015f sayfan\u0131zd\u0131r. Ziyaret\u00e7ilerinizin \u00e7o\u011fu sitenize geldi\u011finde ilk olarak bu sayfay\u0131 g\u00f6r\u00fcr.<\/p>\n","protected":false},"author":1,"featured_media":0,"parent":0,"menu_order":0,"comment_status":"closed","ping_status":"closed","template":"","meta":{"footnotes":""},"class_list":["post-6","page","type-page","status-publish","hentry"],"_links":{"self":[{"href":"https:\/\/www.atasehirmasozladyirmak.com\/index.php\/wp-json\/wp\/v2\/pages\/6","targetHints":{"allow":["GET"]}}],"collection":[{"href":"https:\/\/www.atasehirmasozladyirmak.com\/index.php\/wp-json\/wp\/v2\/pages"}],"about":[{"href":"https:\/\/www.atasehirmasozladyirmak.com\/index.php\/wp-json\/wp\/v2\/types\/page"}],"author":[{"embeddable":true,"href":"https:\/\/www.atasehirmasozladyirmak.com\/index.php\/wp-json\/wp\/v2\/users\/1"}],"replies":[{"embeddable":true,"href":"https:\/\/www.atasehirmasozladyirmak.com\/index.php\/wp-json\/wp\/v2\/comments?post=6"}],"version-history":[{"count":1,"href":"https:\/\/www.atasehirmasozladyirmak.com\/index.php\/wp-json\/wp\/v2\/pages\/6\/revisions"}],"predecessor-version":[{"id":9,"href":"https:\/\/www.atasehirmasozladyirmak.com\/index.php\/wp-json\/wp\/v2\/pages\/6\/revisions\/9"}],"wp:attachment":[{"href":"https:\/\/www.atasehirmasozladyirmak.com\/index.php\/wp-json\/wp\/v2\/media?parent=6"}],"curies":[{"name":"wp","href":"https:\/\/api.w.org\/{rel}","templated":true}]}}